{"id":1916,"date":"2024-02-28T12:26:08","date_gmt":"2024-02-28T12:26:08","guid":{"rendered":"https:\/\/didaktikos.es\/?page_id=1916"},"modified":"2024-05-10T10:10:04","modified_gmt":"2024-05-10T10:10:04","slug":"asignatura-antropologia-biblica","status":"publish","type":"page","link":"https:\/\/didaktikos.es\/?page_id=1916","title":{"rendered":"Asignatura \u00c9tica cristiana"},"content":{"rendered":"\t\t<div data-elementor-type=\"wp-page\" data-elementor-id=\"1916\" class=\"elementor elementor-1916\">\n\t\t\t\t\t\t<section class=\"elementor-section elementor-top-section elementor-element elementor-element-d41e62c elementor-section-boxed elementor-section-height-default elementor-section-height-default\" data-id=\"d41e62c\" data-element_type=\"section\" data-e-type=\"section\">\n\t\t\t\t\t\t<div class=\"elementor-container elementor-column-gap-default\">\n\t\t\t\t\t<div class=\"elementor-column elementor-col-100 elementor-top-column elementor-element elementor-element-4ec6202\" data-id=\"4ec6202\" data-element_type=\"column\" data-e-type=\"column\">\n\t\t\t<div class=\"elementor-widget-wrap elementor-element-populated\">\n\t\t\t\t\t\t<div class=\"elementor-element elementor-element-a85ff19 elementor-widget elementor-widget-image\" data-id=\"a85ff19\" data-element_type=\"widget\" data-e-type=\"widget\" data-widget_type=\"image.default\">\n\t\t\t\t<div class=\"elementor-widget-container\">\n\t\t\t\t\t\t\t\t\t\t\t\t\t\t\t<img fetchpriority=\"high\" decoding=\"async\" width=\"1024\" height=\"1024\" src=\"https:\/\/didaktikos.es\/wp-content\/uploads\/2024\/05\/Etica-1024x1024.png\" class=\"attachment-large size-large wp-image-1968\" alt=\"\" srcset=\"https:\/\/didaktikos.es\/wp-content\/uploads\/2024\/05\/Etica-1024x1024.png 1024w, https:\/\/didaktikos.es\/wp-content\/uploads\/2024\/05\/Etica-300x300.png 300w, https:\/\/didaktikos.es\/wp-content\/uploads\/2024\/05\/Etica-150x150.png 150w, https:\/\/didaktikos.es\/wp-content\/uploads\/2024\/05\/Etica-768x768.png 768w, https:\/\/didaktikos.es\/wp-content\/uploads\/2024\/05\/Etica-600x600.png 600w, https:\/\/didaktikos.es\/wp-content\/uploads\/2024\/05\/Etica-100x100.png 100w, https:\/\/didaktikos.es\/wp-content\/uploads\/2024\/05\/Etica.png 1080w\" sizes=\"(max-width: 1024px) 100vw, 1024px\" \/>\t\t\t\t\t\t\t\t\t\t\t\t\t\t\t<\/div>\n\t\t\t\t<\/div>\n\t\t\t\t\t<\/div>\n\t\t<\/div>\n\t\t\t\t\t<\/div>\n\t\t<\/section>\n\t\t\t\t<section class=\"elementor-section elementor-top-section elementor-element elementor-element-a84d019 elementor-section-boxed elementor-section-height-default elementor-section-height-default\" data-id=\"a84d019\" data-element_type=\"section\" data-e-type=\"section\">\n\t\t\t\t\t\t<div class=\"elementor-container elementor-column-gap-default\">\n\t\t\t\t\t<div class=\"elementor-column elementor-col-100 elementor-top-column elementor-element elementor-element-c849ec7\" data-id=\"c849ec7\" data-element_type=\"column\" data-e-type=\"column\">\n\t\t\t<div class=\"elementor-widget-wrap elementor-element-populated\">\n\t\t\t\t\t\t<div class=\"elementor-element elementor-element-e9d8070 elementor-widget elementor-widget-text-editor\" data-id=\"e9d8070\" data-element_type=\"widget\" data-e-type=\"widget\" data-widget_type=\"text-editor.default\">\n\t\t\t\t<div class=\"elementor-widget-container\">\n\t\t\t\t\t\t\t\t\t<p><span style=\"background-color: var(--ast-global-color-5);\"><strong>Profesora:<\/strong> Karla Palomeque<\/span><\/p><p>&#8211; Graduada en Teolog\u00eda en FIT IBSTE<\/p><p>&#8211; Curso Introducci\u00f3n a la bio\u00e9tica\u00a0 Instituto Borja de Bio\u00e9tica<\/p><p>&#8211; Estudiantes del M\u00e1ster en Ciudadan\u00eda y Derechos Humanos: \u00c9tica y Pol\u00edtica\u00a0 (U.B.)<\/p><p><strong>Inicio:<\/strong> Lunes 13 de mayo 2024<\/p><p><strong>Horario:<\/strong> 20:00 a 22:00<\/p><p><strong>Plataforma:<\/strong> zoom<\/p><p><span style=\"background-color: var(--ast-global-color-5);\"><strong>Duraci\u00f3n:<\/strong>\u00a0<\/span><span style=\"background-color: var(--ast-global-color-5);\">5 clases (13.05 + 27.05 + 03.06 + 10.06 + 17.06) 20.05 no hay clase &#8211; festivo<\/span><\/p>\t\t\t\t\t\t\t\t<\/div>\n\t\t\t\t<\/div>\n\t\t\t\t\t<\/div>\n\t\t<\/div>\n\t\t\t\t\t<\/div>\n\t\t<\/section>\n\t\t\t\t<section class=\"elementor-section elementor-top-section elementor-element elementor-element-b46d465 elementor-section-boxed elementor-section-height-default elementor-section-height-default\" data-id=\"b46d465\" data-element_type=\"section\" data-e-type=\"section\">\n\t\t\t\t\t\t<div class=\"elementor-container elementor-column-gap-default\">\n\t\t\t\t\t<div class=\"elementor-column elementor-col-50 elementor-top-column elementor-element elementor-element-59b39a6\" data-id=\"59b39a6\" data-element_type=\"column\" data-e-type=\"column\">\n\t\t\t<div class=\"elementor-widget-wrap elementor-element-populated\">\n\t\t\t\t\t\t<div class=\"elementor-element elementor-element-f5d81b8 elementor-align-right elementor-mobile-align-center elementor-widget elementor-widget-button\" data-id=\"f5d81b8\" data-element_type=\"widget\" data-e-type=\"widget\" data-widget_type=\"button.default\">\n\t\t\t\t<div class=\"elementor-widget-container\">\n\t\t\t\t\t\t\t\t\t<div class=\"elementor-button-wrapper\">\n\t\t\t\t\t<a class=\"elementor-button elementor-button-link elementor-size-sm\" href=\"https:\/\/didaktikos.es\/?product=asignatura-etica-cristiana\">\n\t\t\t\t\t\t<span class=\"elementor-button-content-wrapper\">\n\t\t\t\t\t\t\t\t\t<span class=\"elementor-button-text\">Inscripci\u00f3n - j\u00f3venes y adultos<\/span>\n\t\t\t\t\t<\/span>\n\t\t\t\t\t<\/a>\n\t\t\t\t<\/div>\n\t\t\t\t\t\t\t\t<\/div>\n\t\t\t\t<\/div>\n\t\t\t\t\t<\/div>\n\t\t<\/div>\n\t\t\t\t<div class=\"elementor-column elementor-col-50 elementor-top-column elementor-element elementor-element-bd6f946\" data-id=\"bd6f946\" data-element_type=\"column\" data-e-type=\"column\">\n\t\t\t<div class=\"elementor-widget-wrap elementor-element-populated\">\n\t\t\t\t\t\t<div class=\"elementor-element elementor-element-fc501af elementor-align-left elementor-mobile-align-center elementor-widget elementor-widget-button\" data-id=\"fc501af\" data-element_type=\"widget\" data-e-type=\"widget\" data-widget_type=\"button.default\">\n\t\t\t\t<div class=\"elementor-widget-container\">\n\t\t\t\t\t\t\t\t\t<div class=\"elementor-button-wrapper\">\n\t\t\t\t\t<a class=\"elementor-button elementor-button-link elementor-size-sm\" href=\"https:\/\/didaktikos.es\/?product=asignatura-etica-cristianamatrimonios\">\n\t\t\t\t\t\t<span class=\"elementor-button-content-wrapper\">\n\t\t\t\t\t\t\t\t\t<span class=\"elementor-button-text\">Inscripci\u00f3n - dcto. matrimonios<\/span>\n\t\t\t\t\t<\/span>\n\t\t\t\t\t<\/a>\n\t\t\t\t<\/div>\n\t\t\t\t\t\t\t\t<\/div>\n\t\t\t\t<\/div>\n\t\t\t\t\t<\/div>\n\t\t<\/div>\n\t\t\t\t\t<\/div>\n\t\t<\/section>\n\t\t\t\t<section class=\"elementor-section elementor-top-section elementor-element elementor-element-37e4ff9 elementor-section-boxed elementor-section-height-default elementor-section-height-default\" data-id=\"37e4ff9\" data-element_type=\"section\" data-e-type=\"section\">\n\t\t\t\t\t\t<div class=\"elementor-container elementor-column-gap-default\">\n\t\t\t\t\t<div class=\"elementor-column elementor-col-100 elementor-top-column elementor-element elementor-element-129f9ce\" data-id=\"129f9ce\" data-element_type=\"column\" data-e-type=\"column\">\n\t\t\t<div class=\"elementor-widget-wrap elementor-element-populated\">\n\t\t\t\t\t\t<div class=\"elementor-element elementor-element-509f7e0 elementor-widget elementor-widget-spacer\" data-id=\"509f7e0\" data-element_type=\"widget\" data-e-type=\"widget\" data-widget_type=\"spacer.default\">\n\t\t\t\t<div class=\"elementor-widget-container\">\n\t\t\t\t\t\t\t<div class=\"elementor-spacer\">\n\t\t\t<div class=\"elementor-spacer-inner\"><\/div>\n\t\t<\/div>\n\t\t\t\t\t\t<\/div>\n\t\t\t\t<\/div>\n\t\t\t\t<div class=\"elementor-element elementor-element-317f4ea elementor-widget elementor-widget-text-editor\" data-id=\"317f4ea\" data-element_type=\"widget\" data-e-type=\"widget\" data-widget_type=\"text-editor.default\">\n\t\t\t\t<div class=\"elementor-widget-container\">\n\t\t\t\t\t\t\t\t\t<p><strong>\u00a1PRUEBA ASISTIENDO A LA PRIMERA CLASE GRATIS!<\/strong><\/p>\t\t\t\t\t\t\t\t<\/div>\n\t\t\t\t<\/div>\n\t\t\t\t<div class=\"elementor-element elementor-element-5c1b4cc elementor-widget elementor-widget-text-editor\" data-id=\"5c1b4cc\" data-element_type=\"widget\" data-e-type=\"widget\" data-widget_type=\"text-editor.default\">\n\t\t\t\t<div class=\"elementor-widget-container\">\n\t\t\t\t\t\t\t\t\t<p><strong>Escr\u00edbenos solicitando el enlace de acceso a la clase a <a href=\"mailto:info@didaktikos.es\" target=\"_blank\" rel=\"noopener\">info@didaktikos.es<\/a><\/strong><\/p>\t\t\t\t\t\t\t\t<\/div>\n\t\t\t\t<\/div>\n\t\t\t\t\t<\/div>\n\t\t<\/div>\n\t\t\t\t\t<\/div>\n\t\t<\/section>\n\t\t\t\t<\/div>\n\t\t","protected":false},"excerpt":{"rendered":"<p>Profesora: Karla Palomeque &#8211; Graduada en Teolog\u00eda en FIT IBSTE &#8211; Curso Introducci\u00f3n a la bio\u00e9tica\u00a0 Instituto Borja de Bio\u00e9tica &#8211; Estudiantes del M\u00e1ster en Ciudadan\u00eda y Derechos Humanos: \u00c9tica y Pol\u00edtica\u00a0 (U.B.) Inicio: Lunes 13 de mayo 2024 Horario: 20:00 a 22:00 Plataforma: zoom Duraci\u00f3n:\u00a05 clases (13.05 + 27.05 + 03.06 + 10.06 + [&hellip;]<\/p>\n","protected":false},"author":1,"featured_media":0,"parent":0,"menu_order":0,"comment_status":"closed","ping_status":"closed","template":"","meta":{"site-sidebar-layout":"no-sidebar","site-content-layout":"page-builder","ast-site-content-layout":"full-width-container","site-content-style":"default","site-sidebar-style":"default","ast-global-header-display":"","ast-banner-title-visibility":"","ast-main-header-display":"","ast-hfb-above-header-display":"","ast-hfb-below-header-display":"","ast-hfb-mobile-header-display":"","site-post-title":"disabled","ast-breadcrumbs-content":"","ast-featured-img":"disabled","footer-sml-layout":"","theme-transparent-header-meta":"","adv-header-id-meta":"","stick-header-meta":"","header-above-stick-meta":"","header-main-stick-meta":"","header-below-stick-meta":"","astra-migrate-meta-layouts":"set","ast-page-background-enabled":"default","ast-page-background-meta":{"desktop":{"background-color":"var(--ast-global-color-4)","background-image":"","background-repeat":"repeat","background-position":"center center","background-size":"auto","background-attachment":"scroll","background-type":"","background-media":"","overlay-type":"","overlay-color":"","overlay-opacity":"","overlay-gradient":""},"tablet":{"background-color":"","background-image":"","background-repeat":"repeat","background-position":"center center","background-size":"auto","background-attachment":"scroll","background-type":"","background-media":"","overlay-type":"","overlay-color":"","overlay-opacity":"","overlay-gradient":""},"mobile":{"background-color":"","background-image":"","background-repeat":"repeat","background-position":"center center","background-size":"auto","background-attachment":"scroll","background-type":"","background-media":"","overlay-type":"","overlay-color":"","overlay-opacity":"","overlay-gradient":""}},"ast-content-background-meta":{"desktop":{"background-color":"var(--ast-global-color-5)","background-image":"","background-repeat":"repeat","background-position":"center center","background-size":"auto","background-attachment":"scroll","background-type":"","background-media":"","overlay-type":"","overlay-color":"","overlay-opacity":"","overlay-gradient":""},"tablet":{"background-color":"var(--ast-global-color-5)","background-image":"","background-repeat":"repeat","background-position":"center center","background-size":"auto","background-attachment":"scroll","background-type":"","background-media":"","overlay-type":"","overlay-color":"","overlay-opacity":"","overlay-gradient":""},"mobile":{"background-color":"var(--ast-global-color-5)","background-image":"","background-repeat":"repeat","background-position":"center center","background-size":"auto","background-attachment":"scroll","background-type":"","background-media":"","overlay-type":"","overlay-color":"","overlay-opacity":"","overlay-gradient":""}},"footnotes":""},"class_list":["post-1916","page","type-page","status-publish","hentry"],"yoast_head":"<!-- This site is optimized with the Yoast SEO plugin v23.7 - https:\/\/yoast.com\/wordpress\/plugins\/seo\/ -->\n<title>Asignatura \u00c9tica cristiana -<\/title>\n<meta name=\"robots\" content=\"index, follow, max-snippet:-1, max-image-preview:large, max-video-preview:-1\" \/>\n<link rel=\"canonical\" href=\"https:\/\/didaktikos.es\/?page_id=1916\" \/>\n<meta property=\"og:locale\" content=\"es_ES\" \/>\n<meta property=\"og:type\" content=\"article\" \/>\n<meta property=\"og:title\" content=\"Asignatura \u00c9tica cristiana -\" \/>\n<meta property=\"og:description\" content=\"Profesora: Karla Palomeque &#8211; Graduada en Teolog\u00eda en FIT IBSTE &#8211; Curso Introducci\u00f3n a la bio\u00e9tica\u00a0 Instituto Borja de Bio\u00e9tica &#8211; Estudiantes del M\u00e1ster en Ciudadan\u00eda y Derechos Humanos: \u00c9tica y Pol\u00edtica\u00a0 (U.B.) Inicio: Lunes 13 de mayo 2024 Horario: 20:00 a 22:00 Plataforma: zoom Duraci\u00f3n:\u00a05 clases (13.05 + 27.05 + 03.06 + 10.06 + [&hellip;]\" \/>\n<meta property=\"og:url\" content=\"https:\/\/didaktikos.es\/?page_id=1916\" \/>\n<meta property=\"article:modified_time\" content=\"2024-05-10T10:10:04+00:00\" \/>\n<meta property=\"og:image\" content=\"https:\/\/didaktikos.es\/wp-content\/uploads\/2024\/05\/Etica-1024x1024.png\" \/>\n<meta name=\"twitter:card\" content=\"summary_large_image\" \/>\n<meta name=\"twitter:label1\" content=\"Tiempo de lectura\" \/>\n\t<meta name=\"twitter:data1\" content=\"1 minuto\" \/>\n<script type=\"application\/ld+json\" class=\"yoast-schema-graph\">{\"@context\":\"https:\/\/schema.org\",\"@graph\":[{\"@type\":\"WebPage\",\"@id\":\"https:\/\/didaktikos.es\/?page_id=1916\",\"url\":\"https:\/\/didaktikos.es\/?page_id=1916\",\"name\":\"Asignatura \u00c9tica cristiana -\",\"isPartOf\":{\"@id\":\"https:\/\/didaktikos.es\/#website\"},\"primaryImageOfPage\":{\"@id\":\"https:\/\/didaktikos.es\/?page_id=1916#primaryimage\"},\"image\":{\"@id\":\"https:\/\/didaktikos.es\/?page_id=1916#primaryimage\"},\"thumbnailUrl\":\"https:\/\/didaktikos.es\/wp-content\/uploads\/2024\/05\/Etica-1024x1024.png\",\"datePublished\":\"2024-02-28T12:26:08+00:00\",\"dateModified\":\"2024-05-10T10:10:04+00:00\",\"breadcrumb\":{\"@id\":\"https:\/\/didaktikos.es\/?page_id=1916#breadcrumb\"},\"inLanguage\":\"es\",\"potentialAction\":[{\"@type\":\"ReadAction\",\"target\":[\"https:\/\/didaktikos.es\/?page_id=1916\"]}]},{\"@type\":\"ImageObject\",\"inLanguage\":\"es\",\"@id\":\"https:\/\/didaktikos.es\/?page_id=1916#primaryimage\",\"url\":\"https:\/\/didaktikos.es\/wp-content\/uploads\/2024\/05\/Etica.png\",\"contentUrl\":\"https:\/\/didaktikos.es\/wp-content\/uploads\/2024\/05\/Etica.png\",\"width\":1080,\"height\":1080},{\"@type\":\"BreadcrumbList\",\"@id\":\"https:\/\/didaktikos.es\/?page_id=1916#breadcrumb\",\"itemListElement\":[{\"@type\":\"ListItem\",\"position\":1,\"name\":\"Portada\",\"item\":\"https:\/\/didaktikos.es\/\"},{\"@type\":\"ListItem\",\"position\":2,\"name\":\"Asignatura \u00c9tica cristiana\"}]},{\"@type\":\"WebSite\",\"@id\":\"https:\/\/didaktikos.es\/#website\",\"url\":\"https:\/\/didaktikos.es\/\",\"name\":\"\",\"description\":\"\",\"potentialAction\":[{\"@type\":\"SearchAction\",\"target\":{\"@type\":\"EntryPoint\",\"urlTemplate\":\"https:\/\/didaktikos.es\/?s={search_term_string}\"},\"query-input\":{\"@type\":\"PropertyValueSpecification\",\"valueRequired\":true,\"valueName\":\"search_term_string\"}}],\"inLanguage\":\"es\"}]}<\/script>\n<!-- \/ Yoast SEO plugin. -->","yoast_head_json":{"title":"Asignatura \u00c9tica cristiana -","robots":{"index":"index","follow":"follow","max-snippet":"max-snippet:-1","max-image-preview":"max-image-preview:large","max-video-preview":"max-video-preview:-1"},"canonical":"https:\/\/didaktikos.es\/?page_id=1916","og_locale":"es_ES","og_type":"article","og_title":"Asignatura \u00c9tica cristiana -","og_description":"Profesora: Karla Palomeque &#8211; Graduada en Teolog\u00eda en FIT IBSTE &#8211; Curso Introducci\u00f3n a la bio\u00e9tica\u00a0 Instituto Borja de Bio\u00e9tica &#8211; Estudiantes del M\u00e1ster en Ciudadan\u00eda y Derechos Humanos: \u00c9tica y Pol\u00edtica\u00a0 (U.B.) Inicio: Lunes 13 de mayo 2024 Horario: 20:00 a 22:00 Plataforma: zoom Duraci\u00f3n:\u00a05 clases (13.05 + 27.05 + 03.06 + 10.06 + [&hellip;]","og_url":"https:\/\/didaktikos.es\/?page_id=1916","article_modified_time":"2024-05-10T10:10:04+00:00","og_image":[{"url":"https:\/\/didaktikos.es\/wp-content\/uploads\/2024\/05\/Etica-1024x1024.png"}],"twitter_card":"summary_large_image","twitter_misc":{"Tiempo de lectura":"1 minuto"},"schema":{"@context":"https:\/\/schema.org","@graph":[{"@type":"WebPage","@id":"https:\/\/didaktikos.es\/?page_id=1916","url":"https:\/\/didaktikos.es\/?page_id=1916","name":"Asignatura \u00c9tica cristiana -","isPartOf":{"@id":"https:\/\/didaktikos.es\/#website"},"primaryImageOfPage":{"@id":"https:\/\/didaktikos.es\/?page_id=1916#primaryimage"},"image":{"@id":"https:\/\/didaktikos.es\/?page_id=1916#primaryimage"},"thumbnailUrl":"https:\/\/didaktikos.es\/wp-content\/uploads\/2024\/05\/Etica-1024x1024.png","datePublished":"2024-02-28T12:26:08+00:00","dateModified":"2024-05-10T10:10:04+00:00","breadcrumb":{"@id":"https:\/\/didaktikos.es\/?page_id=1916#breadcrumb"},"inLanguage":"es","potentialAction":[{"@type":"ReadAction","target":["https:\/\/didaktikos.es\/?page_id=1916"]}]},{"@type":"ImageObject","inLanguage":"es","@id":"https:\/\/didaktikos.es\/?page_id=1916#primaryimage","url":"https:\/\/didaktikos.es\/wp-content\/uploads\/2024\/05\/Etica.png","contentUrl":"https:\/\/didaktikos.es\/wp-content\/uploads\/2024\/05\/Etica.png","width":1080,"height":1080},{"@type":"BreadcrumbList","@id":"https:\/\/didaktikos.es\/?page_id=1916#breadcrumb","itemListElement":[{"@type":"ListItem","position":1,"name":"Portada","item":"https:\/\/didaktikos.es\/"},{"@type":"ListItem","position":2,"name":"Asignatura \u00c9tica cristiana"}]},{"@type":"WebSite","@id":"https:\/\/didaktikos.es\/#website","url":"https:\/\/didaktikos.es\/","name":"","description":"","potentialAction":[{"@type":"SearchAction","target":{"@type":"EntryPoint","urlTemplate":"https:\/\/didaktikos.es\/?s={search_term_string}"},"query-input":{"@type":"PropertyValueSpecification","valueRequired":true,"valueName":"search_term_string"}}],"inLanguage":"es"}]}},"jetpack_sharing_enabled":true,"_links":{"self":[{"href":"https:\/\/didaktikos.es\/index.php?rest_route=\/wp\/v2\/pages\/1916","targetHints":{"allow":["GET"]}}],"collection":[{"href":"https:\/\/didaktikos.es\/index.php?rest_route=\/wp\/v2\/pages"}],"about":[{"href":"https:\/\/didaktikos.es\/index.php?rest_route=\/wp\/v2\/types\/page"}],"author":[{"embeddable":true,"href":"https:\/\/didaktikos.es\/index.php?rest_route=\/wp\/v2\/users\/1"}],"replies":[{"embeddable":true,"href":"https:\/\/didaktikos.es\/index.php?rest_route=%2Fwp%2Fv2%2Fcomments&post=1916"}],"version-history":[{"count":80,"href":"https:\/\/didaktikos.es\/index.php?rest_route=\/wp\/v2\/pages\/1916\/revisions"}],"predecessor-version":[{"id":2026,"href":"https:\/\/didaktikos.es\/index.php?rest_route=\/wp\/v2\/pages\/1916\/revisions\/2026"}],"wp:attachment":[{"href":"https:\/\/didaktikos.es\/index.php?rest_route=%2Fwp%2Fv2%2Fmedia&parent=1916"}],"curies":[{"name":"wp","href":"https:\/\/api.w.org\/{rel}","templated":true}]}}